{"id":192,"date":"2018-10-22T13:22:58","date_gmt":"2018-10-22T11:22:58","guid":{"rendered":"http:\/\/www.gtcarrosserie.fr\/vente\/?page_id=192"},"modified":"2018-11-11T12:59:27","modified_gmt":"2018-11-11T11:59:27","slug":"occasion","status":"publish","type":"page","link":"http:\/\/www.gtcarrosserie.fr\/vente\/","title":{"rendered":"Occasion"},"content":{"rendered":"<div class=\"CarDealer-search-box\"><div class=\"CarDealer-search-cuore\"><div class=\"CarDealer-search-cuore-fields\"><form method=\"get\" id=\"searchform3\" action=\"http:\/\/www.gtcarrosserie.fr\/vente\/vente\/wp-json\/wp\/v2\/pages\/192\">\t \r\n     \t\t\t\t\t<div class=\"searchItem\">\r\n    \t\t\t\t\t\t<span class=\"search-label\">Faire:<\/span><div id=\"bdp_oneline\"><\/div> \r\n                            <select class=\"select-box-meta\" name=\"meta_make\">\r\n    \t\t\t\t\t\t\t<option selected=\"selected\" value =\"\"> Tout <\/option><option   value =\"Alfa Romeo\"> Alfa Romeo<\/option><option   value =\"Audi\"> Audi<\/option><option   value =\"BMW\"> BMW<\/option><option   value =\"Citroen\"> Citroen<\/option><option   value =\"Dacia\"> Dacia<\/option><option   value =\"Dethleffs\"> Dethleffs<\/option><option   value =\"Dodge\"> Dodge<\/option><option   value =\"Fiat\"> Fiat<\/option><option   value =\"Ford\"> Ford<\/option><option   value =\"General Motors\"> General Motors<\/option><option   value =\"Hyundai\"> Hyundai<\/option><option   value =\"Iveco\"> Iveco<\/option><option   value =\"Kia\"> Kia<\/option><option   value =\"Mazda\"> Mazda<\/option><option   value =\"Mercedes\"> Mercedes<\/option><option   value =\"Microcar\"> Microcar<\/option><option   value =\"Mini\"> Mini<\/option><option   value =\"Mitsubishi\"> Mitsubishi<\/option><option   value =\"Nissan\"> Nissan<\/option><option   value =\"Opel\"> Opel<\/option><option   value =\"Peugeot\"> Peugeot<\/option><option   value =\"Range Rover\"> Range Rover<\/option><option   value =\"Renault\"> Renault<\/option><option   value =\"Seat\"> Seat<\/option><option   value =\"Skoda\"> Skoda<\/option><option   value =\"Ssangyong\"> Ssangyong<\/option><option   value =\"Subaru\"> Subaru<\/option><option   value =\"Suzuki\"> Suzuki<\/option><option   value =\"Szuki\"> Szuki<\/option><option   value =\"Toyota\"> Toyota<\/option><option   value =\"Toyota\"> Toyota<\/option><option   value =\"Volkswagen\"> Volkswagen<\/option><option   value =\"Volvo\"> Volvo<\/option><\/select><\/div> <div class=\"searchItem\">\r\n    \t\t\t\t\t\t<span class=\"search-label\">Transmission:<\/span><div id=\"bdp_oneline\"><\/div><select class=\"select-box-meta\" name=\"meta_trans\">\r\n    \t\t\t\t\t\t\t<option selected=\"selected\" value =\"\"> Tout <\/option>\r\n    \t\t\t\t\t\t\t<option   value =\"Automatique\"> Automatique<\/option>\r\n    \t\t\t\t\t\t\t<option   value =\"Manuelle\"> Manuelle<\/option>\r\n    \t\t\t\t\t\t\t<option   value =\"Tiptronic\"> Tiptronic<\/option>\r\n    \t\t\t\t\t\t<\/select>  \r\n    \t\t\t\t\t<\/div> <div class=\"searchItem\">\r\n    \t\t\t\t\t\t<span class=\"search-label\">Carburant:<\/span><div id=\"bdp_oneline\"><\/div><select class=\"select-box-meta\" name=\"meta_fuel\">\r\n    \t\t\t\t\t\t\t<option selected=\"selected\" value =\"\"> Tout <\/option>\r\n    \t\t\t\t\t\t\t<option   value =\"Diesel\"> Diesel<\/option>\r\n    \t\t\t\t\t\t\t<option   value =\"Essence\"> Essence<\/option>\r\n    \t\t\t\t\t\t\t<option   value =\"Hybrid\"> Hybride<\/option>\r\n    \t\t\t\t\t\t\t<option   value =\"\u00c9lectrique\"> \u00c9lectrique<\/option>\r\n     \t\t\t\t\t\t\t<option   value =\"Biodiesel\"> Biodiesel<\/option>       \r\n      \t\t\t\t\t\t\t<option   value =\"CNG\"> CNG<\/option>        \r\n      \t\t\t\t\t\t\t<option   value =\"Ethanol\"> Ethanol<\/option>        \r\n    \t\t\t\t\t\t\t<option   value =\"Autre\"> Autre<\/option>\r\n    \t\t\t\t\t\t<\/select>  \r\n    \t\t\t\t\t<\/div><div class=\"searchItem\"><span class=\"search-label\">Carrosserie:<\/span><div id=\"bdp_oneline\"><\/div><select class=\"select-box-meta\" name=\"meta_Carrosserie\"><option value=\"All\">Tout<\/option><option >Berline<\/option><option >Citadine<\/option><option >Monospace<\/option><option >4x4<\/option><option >Break<\/option><option >Ludospace<\/option><option >Coup\u00e9<\/option><option >Cabriolet<\/option><option >Utilitaire<\/option><option >Collection<\/option><option >Autre<\/option><\/select><\/div><div class=\"searchItem\"><span class=\"search-label\">\u00c9tat:<\/span><div id=\"bdp_oneline\"><\/div><select class=\"select-box-meta\" name=\"meta_Etat-Vehicule\"><option value=\"All\">Tout<\/option><option >Occasion<\/option><option >Neuf<\/option><option >Sans ct<\/option><option >Standard<\/option><\/select><\/div> <div class=\"searchItem\">\r\n    \t\t\t\t\t\t<span class=\"search-label\">Command\u00e9 par:<\/span><div id=\"bdp_oneline\"><\/div><select class=\"select-box-meta\" name=\"meta_order\" style=\"min-width: 120px;\">\r\n    \t\t\t\t\t\t\t<option selected=\"selected\" value =\"\"> Tout <\/option>\r\n    \t\t\t\t\t\t\t<option   value =\"year_high\"> Ann\u00e9e plus r\u00e9cente en premier<\/option>\r\n    \t\t\t\t\t\t\t<option   value =\"year_low\"> Ann\u00e9e la plus ancienne en premier<\/option>\r\n    \t\t\t\t\t\t\t<option   value =\"price_high\"> Prix plus \u00e9lev\u00e9 en premier<\/option>\r\n    \t\t\t\t\t\t\t<option   value =\"price_low\"> Prix plus bas en premier<\/option>\r\n    \t\t\t\t\t\t\t<option   value =\"mileage_high\"> Kilom\u00e9trage plus \u00e9lev\u00e9 en premier<\/option>\r\n    \t\t\t\t\t\t\t<option   value =\"mileage_low\"> Kilom\u00e9trage inf\u00e9rieur en premier<\/option>\r\n    \t\t\t\t\t\t<\/select>  \r\n    \t\t\t\t\t<\/div><div class=\"cardealer-price-slider\"><span class=\"cardealerlabelprice\">\u00c9chelle des prix:<\/span><input type=\"text\" name=\"meta_price\" id=\"meta_price\" readonly><div id=\"cardealer_meta_price\" class=\"cardealerslider\" ><\/div><input type=\"hidden\" name=\"meta_price_max\" id=\"meta_price_max\" value=\"21588\"><\/div><div class=\"CarDealer-submitBtnWrap\"><input type=\"submit\" name=\"submit\" id=\"CarDealer-submitBtn\" value=\" Chercher\" \/><\/div><input type=\"hidden\" name=\"CarDealer_post_type\" value=\"cars\" \/><input type=\"hidden\" name=\"postNumber\" value=\"\" \/><input type=\"hidden\" name=\"CarDealer_search_type\" value=\"page\" \/><\/form><\/div><\/div><\/div>  <!-- end of Basic --><div class=\"multiGallery\"><br \/><div class=\"CarDealer_container17\"><div class=\"CarDealer_gallery_17\"><a class=\"nounderline\" href=\"http:\/\/www.gtcarrosserie.fr\/vente\/car\/c3-picasso-1-6-hdi-90-confort\/\"><img class=\"CarDealer_caption_img17\" src=\"http:\/\/www.gtcarrosserie.fr\/vente\/wp-content\/plugins\/cardealer\/assets\/images\/image-no-available-220x150_c.jpg\" \/><\/a><\/div><div class=\"multiInfoRight17\"><a class=\"nounderline\" href=\"http:\/\/www.gtcarrosserie.fr\/vente\/car\/c3-picasso-1-6-hdi-90-confort\/\"><div class=\"multiTitle17\">C3 Picasso 1.6 HDI 90 Confort<\/div><\/a><div class=\"multiInforightText17\"><div class=\"multiInforightbold\"><div class=\"cardealer_smallblock\">V\u00e9hicule \u00e0 rentrer<\/div><div class=\"cardealer_smallblock\"><span class=\"billcar-calendar\"> 19\/12\/2012<\/div><div class=\"cardealer_smallblock\"><span class=\"billcar-gas-station\"> Diesel<\/div><div class=\"cardealer_smallblock\"><span class=\"billcar-gearshift\"> Manuelle<\/div><div class=\"cardealer_smallblock\"><span class=\"billcar-dashboard\"> 153700 Kms<\/div><div class=\"cardealer_description\"><\/div><\/div><input type=\"submit\" class=\"cardealer_btn_view\" onClick=\"location.href='http:\/\/www.gtcarrosserie.fr\/vente\/car\/c3-picasso-1-6-hdi-90-confort\/'\" value=\"Vue\" \/><\/div><\/a><\/div><\/div><br \/><div class=\"CarDealer_container17\"><div class=\"CarDealer_gallery_17\"><a class=\"nounderline\" href=\"http:\/\/www.gtcarrosserie.fr\/vente\/car\/3008-2-0-hdi-150-feline\/\"><img class=\"CarDealer_caption_img17\" src=\"http:\/\/www.gtcarrosserie.fr\/vente\/wp-content\/uploads\/2026\/04\/IMG-20260312-WA0003-220x150_c.jpg\" \/><\/a><\/div><div class=\"multiInfoRight17\"><a class=\"nounderline\" href=\"http:\/\/www.gtcarrosserie.fr\/vente\/car\/3008-2-0-hdi-150-feline\/\"><div class=\"multiTitle17\">3008 2.0 HDI 150 Feline<\/div><\/a><div class=\"multiInforightText17\"><div class=\"multiInforightbold\"><div class=\"cardealer_smallblock\">V\u00e9hicule \u00e0 rentrer<\/div><div class=\"cardealer_smallblock\"><span class=\"billcar-belt2\"> 8CV<\/div><div class=\"cardealer_smallblock\"><span class=\"billcar-calendar\"> 18\/06\/2013<\/div><div class=\"cardealer_smallblock\"><span class=\"billcar-gas-station\"> Diesel<\/div><div class=\"cardealer_smallblock\"><span class=\"billcar-gearshift\"> Manuelle<\/div><div class=\"cardealer_smallblock\"><span class=\"billcar-dashboard\"> 186840 Kms<\/div><div class=\"cardealer_description\"><\/div><\/div><input type=\"submit\" class=\"cardealer_btn_view\" onClick=\"location.href='http:\/\/www.gtcarrosserie.fr\/vente\/car\/3008-2-0-hdi-150-feline\/'\" value=\"Vue\" \/><\/div><\/a><\/div><\/div><br \/><div class=\"CarDealer_container17\"><div class=\"CarDealer_gallery_17\"><a class=\"nounderline\" href=\"http:\/\/www.gtcarrosserie.fr\/vente\/car\/tiguan-2-0-tdi-140-sportline\/\"><img class=\"CarDealer_caption_img17\" src=\"http:\/\/www.gtcarrosserie.fr\/vente\/wp-content\/uploads\/2026\/04\/unnamed-220x150_c.jpg\" \/><\/a><\/div><div class=\"multiInfoRight17\"><a class=\"nounderline\" href=\"http:\/\/www.gtcarrosserie.fr\/vente\/car\/tiguan-2-0-tdi-140-sportline\/\"><div class=\"multiTitle17\">Tiguan 2.0 TDI 140 Sportline<\/div><\/a><div class=\"multiInforightText17\"><div class=\"multiInforightbold\"><div class=\"cardealer_smallblock\">V\u00e9hicule \u00e0 rentrer<\/div><div class=\"cardealer_smallblock\"><span class=\"billcar-belt2\"> 8CV<\/div><div class=\"cardealer_smallblock\"><span class=\"billcar-calendar\"> 15\/02\/2013<\/div><div class=\"cardealer_smallblock\"><span class=\"billcar-gas-station\"> Diesel<\/div><div class=\"cardealer_smallblock\"><span class=\"billcar-gearshift\"> Manuelle<\/div><div class=\"cardealer_smallblock\"><span class=\"billcar-dashboard\"> 136330 Kms<\/div><div class=\"cardealer_description\"><\/div><\/div><input type=\"submit\" class=\"cardealer_btn_view\" onClick=\"location.href='http:\/\/www.gtcarrosserie.fr\/vente\/car\/tiguan-2-0-tdi-140-sportline\/'\" value=\"Vue\" \/><\/div><\/a><\/div><\/div><br \/><div class=\"CarDealer_container17\"><div class=\"CarDealer_gallery_17\"><a class=\"nounderline\" href=\"http:\/\/www.gtcarrosserie.fr\/vente\/car\/clio-iii-estate-1-5-dci-85\/\"><img class=\"CarDealer_caption_img17\" src=\"http:\/\/www.gtcarrosserie.fr\/vente\/wp-content\/uploads\/2026\/04\/20260416_160730-220x150_c.jpg\" \/><\/a><\/div><div class=\"multiInfoRight17\"><a class=\"nounderline\" href=\"http:\/\/www.gtcarrosserie.fr\/vente\/car\/clio-iii-estate-1-5-dci-85\/\"><div class=\"multiTitle17\">Clio III Estate 1.5 DCI 85 Dynamique<\/div><\/a><div class=\"multiInforightText17\"><div class=\"multiInforightbold\"><div class=\"cardealer_smallblock\">&euro;3\u00a0990<\/div><div class=\"cardealer_smallblock\"><span class=\"billcar-belt2\"> 5CV<\/div><div class=\"cardealer_smallblock\"><span class=\"billcar-calendar\"> 21\/11\/2008<\/div><div class=\"cardealer_smallblock\"><span class=\"billcar-gas-station\"> Diesel<\/div><div class=\"cardealer_smallblock\"><span class=\"billcar-gearshift\"> Manuelle<\/div><div class=\"cardealer_smallblock\"><span class=\"billcar-dashboard\"> 209900 Kms<\/div><div class=\"cardealer_description\"><\/div><\/div><input type=\"submit\" class=\"cardealer_btn_view\" onClick=\"location.href='http:\/\/www.gtcarrosserie.fr\/vente\/car\/clio-iii-estate-1-5-dci-85\/'\" value=\"Vue\" \/><\/div><\/a><\/div><\/div><br \/><div class=\"CarDealer_container17\"><div class=\"CarDealer_gallery_17\"><a class=\"nounderline\" href=\"http:\/\/www.gtcarrosserie.fr\/vente\/car\/captur-1-5-dci-90-edc\/\"><img class=\"CarDealer_caption_img17\" src=\"http:\/\/www.gtcarrosserie.fr\/vente\/wp-content\/uploads\/2026\/04\/20260416_104853-220x150_c.jpg\" \/><\/a><\/div><div class=\"multiInfoRight17\"><a class=\"nounderline\" href=\"http:\/\/www.gtcarrosserie.fr\/vente\/car\/captur-1-5-dci-90-edc\/\"><div class=\"multiTitle17\">Captur 1.5 DCI 90 EDC Intens<\/div><\/a><div class=\"multiInforightText17\"><div class=\"multiInforightbold\"><div class=\"cardealer_smallblock\">&euro;9\u00a0990<\/div><div class=\"cardealer_smallblock\"><span class=\"billcar-belt2\"> 5CV<\/div><div class=\"cardealer_smallblock\"><span class=\"billcar-calendar\"> 29\/12\/2014<\/div><div class=\"cardealer_smallblock\"><span class=\"billcar-gas-station\"> Diesel<\/div><div class=\"cardealer_smallblock\"><span class=\"billcar-gearshift\"> Automatique<\/div><div class=\"cardealer_smallblock\"><span class=\"billcar-dashboard\"> 137200 Kms<\/div><div class=\"cardealer_description\"><\/div><\/div><input type=\"submit\" class=\"cardealer_btn_view\" onClick=\"location.href='http:\/\/www.gtcarrosserie.fr\/vente\/car\/captur-1-5-dci-90-edc\/'\" value=\"Vue\" \/><\/div><\/a><\/div><\/div><br \/><div class=\"CarDealer_container17\"><div class=\"CarDealer_gallery_17\"><a class=\"nounderline\" href=\"http:\/\/www.gtcarrosserie.fr\/vente\/car\/berlingo-1-6-b-hdi-100-multispace\/\"><img class=\"CarDealer_caption_img17\" src=\"http:\/\/www.gtcarrosserie.fr\/vente\/wp-content\/uploads\/2026\/04\/20260414_150658-220x150_c.jpg\" \/><\/a><\/div><div class=\"multiInfoRight17\"><a class=\"nounderline\" href=\"http:\/\/www.gtcarrosserie.fr\/vente\/car\/berlingo-1-6-b-hdi-100-multispace\/\"><div class=\"multiTitle17\">Berlingo 1.6 B-HDI 100 Multispace<\/div><\/a><div class=\"multiInforightText17\"><div class=\"multiInforightbold\"><div class=\"cardealer_smallblock\">&euro;9\u00a0490<\/div><div class=\"cardealer_smallblock\"><span class=\"billcar-belt2\"> 5CV<\/div><div class=\"cardealer_smallblock\"><span class=\"billcar-calendar\"> 01\/12\/2016<\/div><div class=\"cardealer_smallblock\"><span class=\"billcar-gas-station\"> Diesel<\/div><div class=\"cardealer_smallblock\"><span class=\"billcar-gearshift\"> Manuelle<\/div><div class=\"cardealer_smallblock\"><span class=\"billcar-dashboard\"> 154500 Kms<\/div><div class=\"cardealer_description\"><\/div><\/div><input type=\"submit\" class=\"cardealer_btn_view\" onClick=\"location.href='http:\/\/www.gtcarrosserie.fr\/vente\/car\/berlingo-1-6-b-hdi-100-multispace\/'\" value=\"Vue\" \/><\/div><\/a><\/div><\/div><br \/><div class=\"CarDealer_container17\"><div class=\"CarDealer_gallery_17\"><a class=\"nounderline\" href=\"http:\/\/www.gtcarrosserie.fr\/vente\/car\/espace-1-6-dci-160-energy-intens-edc\/\"><img class=\"CarDealer_caption_img17\" src=\"http:\/\/www.gtcarrosserie.fr\/vente\/wp-content\/plugins\/cardealer\/assets\/images\/image-no-available-220x150_c.jpg\" \/><\/a><\/div><div class=\"multiInfoRight17\"><a class=\"nounderline\" href=\"http:\/\/www.gtcarrosserie.fr\/vente\/car\/espace-1-6-dci-160-energy-intens-edc\/\"><div class=\"multiTitle17\">Espace 1.6 dci 160 Energy Intens\/EDC<\/div><\/a><div class=\"multiInforightText17\"><div class=\"multiInforightbold\"><div class=\"cardealer_smallblock\">V\u00e9hicule \u00e0 rentrer<\/div><div class=\"cardealer_smallblock\"><span class=\"billcar-belt2\"> 8CV<\/div><div class=\"cardealer_smallblock\"><span class=\"billcar-calendar\"> 07\/04\/2016<\/div><div class=\"cardealer_smallblock\"><span class=\"billcar-gas-station\"> Diesel<\/div><div class=\"cardealer_smallblock\"><span class=\"billcar-gearshift\"> Automatique<\/div><div class=\"cardealer_smallblock\"><span class=\"billcar-dashboard\"> 118000 Kms<\/div><div class=\"cardealer_description\"><\/div><\/div><input type=\"submit\" class=\"cardealer_btn_view\" onClick=\"location.href='http:\/\/www.gtcarrosserie.fr\/vente\/car\/espace-1-6-dci-160-energy-intens-edc\/'\" value=\"Vue\" \/><\/div><\/a><\/div><\/div><br \/><div class=\"CarDealer_container17\"><div class=\"CarDealer_gallery_17\"><a class=\"nounderline\" href=\"http:\/\/www.gtcarrosserie.fr\/vente\/car\/3008-1-6-hdi-120\/\"><img class=\"CarDealer_caption_img17\" src=\"http:\/\/www.gtcarrosserie.fr\/vente\/wp-content\/uploads\/2026\/03\/20260331_145004-220x150_c.jpg\" \/><\/a><\/div><div class=\"multiInfoRight17\"><a class=\"nounderline\" href=\"http:\/\/www.gtcarrosserie.fr\/vente\/car\/3008-1-6-hdi-120\/\"><div class=\"multiTitle17\">3008 1.6 HDI 120 Business pack\/Vendu<\/div><\/a><div class=\"multiInforightText17\"><div class=\"multiInforightbold\"><div class=\"cardealer_smallblock\">&euro;6\u00a0990<\/div><div class=\"cardealer_smallblock\"><span class=\"billcar-belt2\"> 6CV<\/div><div class=\"cardealer_smallblock\"><span class=\"billcar-calendar\"> 15\/06\/2015<\/div><div class=\"cardealer_smallblock\"><span class=\"billcar-gas-station\"> Diesel<\/div><div class=\"cardealer_smallblock\"><span class=\"billcar-gearshift\"> Manuelle<\/div><div class=\"cardealer_smallblock\"><span class=\"billcar-dashboard\"> 169900 Kms<\/div><div class=\"cardealer_description\"><\/div><\/div><input type=\"submit\" class=\"cardealer_btn_view\" onClick=\"location.href='http:\/\/www.gtcarrosserie.fr\/vente\/car\/3008-1-6-hdi-120\/'\" value=\"Vue\" \/><\/div><\/a><\/div><\/div><br \/><div class=\"CarDealer_container17\"><div class=\"CarDealer_gallery_17\"><a class=\"nounderline\" href=\"http:\/\/www.gtcarrosserie.fr\/vente\/car\/kadjar-1-6-dci-130-intens-faible-kilometrage\/\"><img class=\"CarDealer_caption_img17\" src=\"http:\/\/www.gtcarrosserie.fr\/vente\/wp-content\/uploads\/2026\/03\/20260323_165354-220x150_c.jpg\" \/><\/a><\/div><div class=\"multiInfoRight17\"><a class=\"nounderline\" href=\"http:\/\/www.gtcarrosserie.fr\/vente\/car\/kadjar-1-6-dci-130-intens-faible-kilometrage\/\"><div class=\"multiTitle17\">Kadjar 1.6 DCI 130 Intens\/Vendu<\/div><\/a><div class=\"multiInforightText17\"><div class=\"multiInforightbold\"><div class=\"cardealer_smallblock\">&euro;13\u00a0990<\/div><div class=\"cardealer_smallblock\"><span class=\"billcar-belt2\"> 7CV<\/div><div class=\"cardealer_smallblock\"><span class=\"billcar-calendar\"> 28\/09\/2017<\/div><div class=\"cardealer_smallblock\"><span class=\"billcar-gas-station\"> Diesel<\/div><div class=\"cardealer_smallblock\"><span class=\"billcar-gearshift\"> Manuelle<\/div><div class=\"cardealer_smallblock\"><span class=\"billcar-dashboard\"> 73600 Kms<\/div><div class=\"cardealer_description\"><\/div><\/div><input type=\"submit\" class=\"cardealer_btn_view\" onClick=\"location.href='http:\/\/www.gtcarrosserie.fr\/vente\/car\/kadjar-1-6-dci-130-intens-faible-kilometrage\/'\" value=\"Vue\" \/><\/div><\/a><\/div><\/div><br \/><div class=\"CarDealer_container17\"><div class=\"CarDealer_gallery_17\"><a class=\"nounderline\" href=\"http:\/\/www.gtcarrosserie.fr\/vente\/car\/tiguan-2-0-tdi-190-carat-exclusive-4-motion\/\"><img class=\"CarDealer_caption_img17\" src=\"http:\/\/www.gtcarrosserie.fr\/vente\/wp-content\/uploads\/2026\/03\/20260319_155202-220x150_c.jpg\" \/><\/a><\/div><div class=\"multiInfoRight17\"><a class=\"nounderline\" href=\"http:\/\/www.gtcarrosserie.fr\/vente\/car\/tiguan-2-0-tdi-190-carat-exclusive-4-motion\/\"><div class=\"multiTitle17\">Tiguan 2.0 TDI 190 Carat Exclusive\/4 Motion<\/div><\/a><div class=\"multiInforightText17\"><div class=\"multiInforightbold\"><div class=\"cardealer_smallblock\">&euro;17\u00a0990<\/div><div class=\"cardealer_smallblock\"><span class=\"billcar-belt2\"> 11CV<\/div><div class=\"cardealer_smallblock\"><span class=\"billcar-calendar\"> 30\/03\/2017<\/div><div class=\"cardealer_smallblock\"><span class=\"billcar-gas-station\"> Diesel<\/div><div class=\"cardealer_smallblock\"><span class=\"billcar-gearshift\"> Automatique<\/div><div class=\"cardealer_smallblock\"><span class=\"billcar-dashboard\"> 188400 Kms<\/div><div class=\"cardealer_description\"><\/div><\/div><input type=\"submit\" class=\"cardealer_btn_view\" onClick=\"location.href='http:\/\/www.gtcarrosserie.fr\/vente\/car\/tiguan-2-0-tdi-190-carat-exclusive-4-motion\/'\" value=\"Vue\" \/><\/div><\/a><\/div><\/div><br \/><div class=\"CarDealer_container17\"><div class=\"CarDealer_gallery_17\"><a class=\"nounderline\" href=\"http:\/\/www.gtcarrosserie.fr\/vente\/car\/ds3-1-6-hdi-92-sochic\/\"><img class=\"CarDealer_caption_img17\" src=\"http:\/\/www.gtcarrosserie.fr\/vente\/wp-content\/uploads\/2026\/03\/20260320_143816-220x150_c.jpg\" \/><\/a><\/div><div class=\"multiInfoRight17\"><a class=\"nounderline\" href=\"http:\/\/www.gtcarrosserie.fr\/vente\/car\/ds3-1-6-hdi-92-sochic\/\"><div class=\"multiTitle17\">DS3 1.6 HDI 92 SoChic<\/div><\/a><div class=\"multiInforightText17\"><div class=\"multiInforightbold\"><div class=\"cardealer_smallblock\">&euro;6\u00a0990<\/div><div class=\"cardealer_smallblock\"><span class=\"billcar-belt2\"> 5CV<\/div><div class=\"cardealer_smallblock\"><span class=\"billcar-calendar\"> 22\/11\/2010<\/div><div class=\"cardealer_smallblock\"><span class=\"billcar-gas-station\"> Diesel<\/div><div class=\"cardealer_smallblock\"><span class=\"billcar-gearshift\"> Manuelle<\/div><div class=\"cardealer_smallblock\"><span class=\"billcar-dashboard\"> 149500 Kms<\/div><div class=\"cardealer_description\"><\/div><\/div><input type=\"submit\" class=\"cardealer_btn_view\" onClick=\"location.href='http:\/\/www.gtcarrosserie.fr\/vente\/car\/ds3-1-6-hdi-92-sochic\/'\" value=\"Vue\" \/><\/div><\/a><\/div><\/div><br \/><div class=\"CarDealer_container17\"><div class=\"CarDealer_gallery_17\"><a class=\"nounderline\" href=\"http:\/\/www.gtcarrosserie.fr\/vente\/car\/3008-1-6-hdi-115-business-pack\/\"><img class=\"CarDealer_caption_img17\" src=\"http:\/\/www.gtcarrosserie.fr\/vente\/wp-content\/uploads\/2026\/03\/20260319_144722-220x150_c.jpg\" \/><\/a><\/div><div class=\"multiInfoRight17\"><a class=\"nounderline\" href=\"http:\/\/www.gtcarrosserie.fr\/vente\/car\/3008-1-6-hdi-115-business-pack\/\"><div class=\"multiTitle17\">3008 1.6 HDI 115 Business Pack<\/div><\/a><div class=\"multiInforightText17\"><div class=\"multiInforightbold\"><div class=\"cardealer_smallblock\">&euro;7\u00a0990<\/div><div class=\"cardealer_smallblock\"><span class=\"billcar-belt2\"> 6CV<\/div><div class=\"cardealer_smallblock\"><span class=\"billcar-calendar\"> 13\/08\/2013<\/div><div class=\"cardealer_smallblock\"><span class=\"billcar-gas-station\"> Diesel<\/div><div class=\"cardealer_smallblock\"><span class=\"billcar-gearshift\"> Manuelle<\/div><div class=\"cardealer_smallblock\"><span class=\"billcar-dashboard\"> 135500 Kms<\/div><div class=\"cardealer_description\"><\/div><\/div><input type=\"submit\" class=\"cardealer_btn_view\" onClick=\"location.href='http:\/\/www.gtcarrosserie.fr\/vente\/car\/3008-1-6-hdi-115-business-pack\/'\" value=\"Vue\" \/><\/div><\/a><\/div><\/div><div class=\"cardealer_navigation\">\n\t<nav class=\"navigation pagination\" aria-label=\"Publications\">\n\t\t<h2 class=\"screen-reader-text\">Navigation des articles<\/h2>\n\t\t<div class=\"nav-links\"><span aria-current=\"page\" class=\"page-numbers current\">1<\/span>\n<a class=\"page-numbers\" href=\"http:\/\/www.gtcarrosserie.fr\/vente\/wp-json\/wp\/v2\/pages\/192\/page\/2\/\">2<\/a>\n<a class=\"next page-numbers\" href=\"http:\/\/www.gtcarrosserie.fr\/vente\/wp-json\/wp\/v2\/pages\/192\/page\/2\/\">En avant<\/a><\/div>\n\t<\/nav><\/div><\/div>\n","protected":false},"excerpt":{"rendered":"<p> [&#8230;]<\/p>\n<p><a class=\"btn btn-secondary understrap-read-more-link\" href=\"http:\/\/www.gtcarrosserie.fr\/vente\/car\/c3-picasso-1-6-hdi-90-confort\/\">Lire la suite&#8230;<\/a><\/p>\n","protected":false},"author":1,"featured_media":0,"parent":0,"menu_order":0,"comment_status":"closed","ping_status":"closed","template":"","meta":[],"_links":{"self":[{"href":"http:\/\/www.gtcarrosserie.fr\/vente\/wp-json\/wp\/v2\/pages\/192"}],"collection":[{"href":"http:\/\/www.gtcarrosserie.fr\/vente\/wp-json\/wp\/v2\/pages"}],"about":[{"href":"http:\/\/www.gtcarrosserie.fr\/vente\/wp-json\/wp\/v2\/types\/page"}],"author":[{"embeddable":true,"href":"http:\/\/www.gtcarrosserie.fr\/vente\/wp-json\/wp\/v2\/users\/1"}],"replies":[{"embeddable":true,"href":"http:\/\/www.gtcarrosserie.fr\/vente\/wp-json\/wp\/v2\/comments?post=192"}],"version-history":[{"count":12,"href":"http:\/\/www.gtcarrosserie.fr\/vente\/wp-json\/wp\/v2\/pages\/192\/revisions"}],"predecessor-version":[{"id":273,"href":"http:\/\/www.gtcarrosserie.fr\/vente\/wp-json\/wp\/v2\/pages\/192\/revisions\/273"}],"wp:attachment":[{"href":"http:\/\/www.gtcarrosserie.fr\/vente\/wp-json\/wp\/v2\/media?parent=192"}],"curies":[{"name":"wp","href":"https:\/\/api.w.org\/{rel}","templated":true}]}}